{"id":5,"date":"2012-11-06T12:17:18","date_gmt":"2012-11-06T11:17:18","guid":{"rendered":"http:\/\/public.paratschek.at\/cadcamsmile.eu\/?page_id=5"},"modified":"2012-12-11T10:39:36","modified_gmt":"2012-12-11T09:39:36","slug":"home","status":"publish","type":"page","link":"http:\/\/www.cadcamsmile.eu\/","title":{"rendered":"Home"},"content":{"rendered":"<h1>WILLKOMMEN AUF CADCAMSMILE.EU!<\/h1>\n<p><strong>Warum CadCamSmile?<br \/>\n<\/strong>Die breite Palette unserer Beratungs- und Dienstleistungen ist das Ergebnis langj\u00e4hriger, \u00a0praktischer Erfahrung im Dentalbereich verbunden mit den M\u00f6glichkeiten innovativer CAD\/CAM-L\u00f6sungen. Diese innovative Technologie weist der Zahnheilkunde und Zahntechnik den Weg in eine erfolgreiche, weil digitale Zukunft.<br \/>\nCadCamSmile setzt dazu auf die leistungsstarken CAD\/CAM-L\u00f6sungen des renommierten Anbieters 3Shape, dessen Portfolio den Gesamtprozess \u2013 vom digitalen Abdruck mittels 3D-Scanner \u00fcber die CAD-Konstruktion bis hin zur CAM-Fertigung \u2013 perfekt abbildet.<\/p>\n<p><strong>Warum 3Shape?<\/strong><br \/>\nHochgeschwindigkeitsscanner von 3Shape erm\u00f6glichen die 3D-Abtastung von physischen Abdruck- und Gipsmodellen und bieten eine einzigartige Leistungsf\u00e4higkeit hinsichtlich Geschwindigkeit, Genauigkeit und Detaillierungsgrad. Damit er\u00f6ffnet sich eine neue Dimension speziell f\u00fcr Implantatbr\u00fccken oder -stege, wo h\u00f6chste Pr\u00e4zision im Mikrometerbereich erforderlich ist. 3Shape-Dentalscanner sind hierf\u00fcr mit 5 Megapixel-Kameras ausgestattet und unterst\u00fctzen adaptives Abdruckscannen sowie innovatives Scannen von Texturen.<\/p>\n<p><strong>Warum digitale Verfahren?<br \/>\n<\/strong>Digitale Verfahren erweisen sich zunehmend als Erfolgsschl\u00fcssel im Dentalgesch\u00e4ft. Denn nur auf diese Weise lassen sich gro\u00dfe Volumen fertigen und eine individuelle Anpassung in kosteneffizienten Arbeitsabl\u00e4ufen vereinen. Dar\u00fcber hinaus ist das mit digitalen Daten erzielte Konstruktions- und Fr\u00e4sergebnis hochpr\u00e4zise und gew\u00e4hrleistet neben der perfekten Passform ein optimales, \u00e4sthetisches Resultat. Fazit: Ein gelungener Zahnersatz h\u00e4lt den Patienten!<\/p>\n<a href=\"http:\/\/www.cadcamsmile.eu\/wp-content\/uploads\/2012\/12\/homepic.png\"><img loading=\"lazy\" decoding=\"async\" class=\"alignnone size-full wp-image-241\" title=\"homepic\" src=\"http:\/\/www.cadcamsmile.eu\/wp-content\/uploads\/2012\/12\/homepic.png\" alt=\"\" width=\"900\" height=\"239\" srcset=\"http:\/\/www.cadcamsmile.eu\/wp-content\/uploads\/2012\/12\/homepic.png 900w, http:\/\/www.cadcamsmile.eu\/wp-content\/uploads\/2012\/12\/homepic-300x79.png 300w\" sizes=\"auto, (max-width: 900px) 100vw, 900px\" \/><\/a>\n<p>&nbsp;<\/p>\n","protected":false},"excerpt":{"rendered":"<p>WILLKOMMEN AUF CADCAMSMILE.EU! Warum CadCamSmile? Die breite Palette unserer Beratungs- und Dienstleistungen ist das Ergebnis langj\u00e4hriger, \u00a0praktischer Erfahrung im Dentalbereich verbunden mit den M\u00f6glichkeiten innovativer CAD\/CAM-L\u00f6sungen. Diese innovative Technologie weist der Zahnheilkunde und Zahntechnik den Weg in eine erfolgreiche, weil digitale Zukunft. CadCamSmile setzt dazu auf die leistungsstarken CAD\/CAM-L\u00f6sungen des renommierten Anbieters 3Shape, dessen Portfolio&#8230;  <a href=\"http:\/\/www.cadcamsmile.eu\/\" title=\"Read Home\">Read more &raquo;<\/a><\/p>\n","protected":false},"author":1,"featured_media":0,"parent":0,"menu_order":0,"comment_status":"closed","ping_status":"closed","template":"","meta":{"footnotes":""},"class_list":["post-5","page","type-page","status-publish","hentry"],"_links":{"self":[{"href":"http:\/\/www.cadcamsmile.eu\/index.php?rest_route=\/wp\/v2\/pages\/5","targetHints":{"allow":["GET"]}}],"collection":[{"href":"http:\/\/www.cadcamsmile.eu\/index.php?rest_route=\/wp\/v2\/pages"}],"about":[{"href":"http:\/\/www.cadcamsmile.eu\/index.php?rest_route=\/wp\/v2\/types\/page"}],"author":[{"embeddable":true,"href":"http:\/\/www.cadcamsmile.eu\/index.php?rest_route=\/wp\/v2\/users\/1"}],"replies":[{"embeddable":true,"href":"http:\/\/www.cadcamsmile.eu\/index.php?rest_route=%2Fwp%2Fv2%2Fcomments&post=5"}],"version-history":[{"count":16,"href":"http:\/\/www.cadcamsmile.eu\/index.php?rest_route=\/wp\/v2\/pages\/5\/revisions"}],"predecessor-version":[{"id":40,"href":"http:\/\/www.cadcamsmile.eu\/index.php?rest_route=\/wp\/v2\/pages\/5\/revisions\/40"}],"wp:attachment":[{"href":"http:\/\/www.cadcamsmile.eu\/index.php?rest_route=%2Fwp%2Fv2%2Fmedia&parent=5"}],"curies":[{"name":"wp","href":"https:\/\/api.w.org\/{rel}","templated":true}]}}