{"id":51,"date":"2012-11-14T12:28:05","date_gmt":"2012-11-14T11:28:05","guid":{"rendered":"http:\/\/public.paratschek.at\/cadcamsmile.eu\/?page_id=51"},"modified":"2012-12-03T13:51:54","modified_gmt":"2012-12-03T12:51:54","slug":"trios-scanner","status":"publish","type":"page","link":"http:\/\/www.cadcamsmile.eu\/?page_id=51","title":{"rendered":"Trios Scanner"},"content":{"rendered":"<h1><strong>Der digitale Abdruck \u2013 die Basis passgenauer Versorgung<\/strong><\/h1>\n<p>Der digitale Abdruck mittels 3D-Scanner ersetzt zum einen den langwierigen, herk\u00f6mmlichen Abformungsprozess. Zum anderen zeichnet er sich von Anfang an durch h\u00f6chste Genauigkeit aus, wodurch vielf\u00e4ltige Probleme bei Restaurationen vermieden werden.<\/p>\n<h2><strong>Generelle Vorteile digitaler Abdr\u00fccke<\/strong><\/h2>\n<h3><strong>Zahn\u00e4rzte<\/strong><\/h3>\n<ul>\n<li>Weniger Anpassungen und Nachschleifen bei der Sitzung<\/li>\n<li>Verbesserte Genauigkeit und klinische Ergebnisse<\/li>\n<li>Schneller als das Erstellen traditioneller Abdr\u00fccke<\/li>\n<li>Reduktion n\u00f6tiger Wiederholungen<\/li>\n<li>Keine Abdruckmaterialien, keine Unordnung<\/li>\n<li>Kosteneinsparungen bei Materialien und Versand<\/li>\n<\/ul>\n<h3><strong>Patienten<\/strong><\/h3>\n<ul>\n<li>Abdruck wird als schnell und komfortabel wahrgenommen<\/li>\n<li>Bessere Passform der Restauration und sehr geringes Nachschleifen<\/li>\n<li>Verbesserte klinische Ergebnisse<\/li>\n<li>Geringere Zahl von Sitzungen, da weniger wiederholte Abdr\u00fccke anfallen<\/li>\n<li>Insgesamt k\u00fcrzere Behandlungsdauer<\/li>\n<\/ul>\n<h3><strong>3Shape TRIOS\u00ae<\/strong><\/h3>\n<p>3Shape TRIOS\u00ae erm\u00f6glicht ein Herantasten in das digital-dentale Zeitalter Schritt f\u00fcr Schritt.\u00a0 Diese L\u00f6sung baut auf den \u00fcblichen Arbeitsprozessen zwischen Zahnarzt, Dentallabor und Fr\u00e4szentrum auf und optimiert diese mittels Digitalsierung. 3Shape TRIOS\u00ae ist als offene Plattform konzipiert, wodurch eine Zusammenarbeit ohne Einschr\u00e4nkungen garantiert ist.<\/p>\n<h3><a href=\"http:\/\/www.cadcamsmile.eu\/wp-content\/uploads\/2012\/11\/TRIOS-cart.png\"><img loading=\"lazy\" decoding=\"async\" class=\"alignright size-full wp-image-170\" title=\"TRIOS cart\" src=\"http:\/\/www.cadcamsmile.eu\/wp-content\/uploads\/2012\/11\/TRIOS-cart.png\" alt=\"\" width=\"183\" height=\"350\" \/><\/a><\/h3>\n<h3><strong>Einzigartige Vorteile: TRIOS Intraoral-Scanner<\/strong><\/h3>\n<ul>\n<li>Ohne Sprayen f\u00fcr optimale Pr\u00e4zision und Patientenkomfort<\/li>\n<li>Ultrafast Optical Sectioning\u2122 -Technologie f\u00fcr Hochgeschwindigkeit<\/li>\n<li>Genaues Scannen mit bis zu 1000 3D-Bildern f\u00fcr echte Geometrien<\/li>\n<li>Benutzerfreundlich mit vollst\u00e4ndiger Bewegungs- und Positionierungsfreiheit<\/li>\n<li>Smart-Touch-Screen mit live 3D Visualisierung<\/li>\n<li>Abdruck mit weniger Stress<\/li>\n<li>Umfassende Palette dentaler Anwendungen<\/li>\n<li>Sofortige Auswertung des Abdrucks<\/li>\n<li>Online-Kommunikation mit dem Labor<\/li>\n<li>Insgesamt k\u00fcrzere Durchlaufzeit<\/li>\n<\/ul>\n","protected":false},"excerpt":{"rendered":"<p>Der digitale Abdruck \u2013 die Basis passgenauer Versorgung Der digitale Abdruck mittels 3D-Scanner ersetzt zum einen den langwierigen, herk\u00f6mmlichen Abformungsprozess. Zum anderen zeichnet er sich von Anfang an durch h\u00f6chste Genauigkeit aus, wodurch vielf\u00e4ltige Probleme bei Restaurationen vermieden werden. Generelle Vorteile digitaler Abdr\u00fccke Zahn\u00e4rzte Weniger Anpassungen und Nachschleifen bei der Sitzung Verbesserte Genauigkeit und klinische&#8230;  <a href=\"http:\/\/www.cadcamsmile.eu\/?page_id=51\" title=\"Read Trios Scanner\">Read more &raquo;<\/a><\/p>\n","protected":false},"author":1,"featured_media":0,"parent":0,"menu_order":0,"comment_status":"closed","ping_status":"open","template":"","meta":{"footnotes":""},"class_list":["post-51","page","type-page","status-publish","hentry"],"_links":{"self":[{"href":"http:\/\/www.cadcamsmile.eu\/index.php?rest_route=\/wp\/v2\/pages\/51","targetHints":{"allow":["GET"]}}],"collection":[{"href":"http:\/\/www.cadcamsmile.eu\/index.php?rest_route=\/wp\/v2\/pages"}],"about":[{"href":"http:\/\/www.cadcamsmile.eu\/index.php?rest_route=\/wp\/v2\/types\/page"}],"author":[{"embeddable":true,"href":"http:\/\/www.cadcamsmile.eu\/index.php?rest_route=\/wp\/v2\/users\/1"}],"replies":[{"embeddable":true,"href":"http:\/\/www.cadcamsmile.eu\/index.php?rest_route=%2Fwp%2Fv2%2Fcomments&post=51"}],"version-history":[{"count":8,"href":"http:\/\/www.cadcamsmile.eu\/index.php?rest_route=\/wp\/v2\/pages\/51\/revisions"}],"predecessor-version":[{"id":202,"href":"http:\/\/www.cadcamsmile.eu\/index.php?rest_route=\/wp\/v2\/pages\/51\/revisions\/202"}],"wp:attachment":[{"href":"http:\/\/www.cadcamsmile.eu\/index.php?rest_route=%2Fwp%2Fv2%2Fmedia&parent=51"}],"curies":[{"name":"wp","href":"https:\/\/api.w.org\/{rel}","templated":true}]}}