{"id":9,"date":"2012-11-06T12:17:41","date_gmt":"2012-11-06T11:17:41","guid":{"rendered":"http:\/\/public.paratschek.at\/cadcamsmile.eu\/?page_id=9"},"modified":"2012-12-03T13:53:36","modified_gmt":"2012-12-03T12:53:36","slug":"uber-mich","status":"publish","type":"page","link":"http:\/\/www.cadcamsmile.eu\/?page_id=9","title":{"rendered":"\u00dcber mich"},"content":{"rendered":"<h1><strong>30 Jahre Erfahrung in der Zahntechnik<\/strong><\/h1>\n<div id=\"attachment_178\" style=\"width: 310px\" class=\"wp-caption alignright\"><a href=\"http:\/\/www.cadcamsmile.eu\/wp-content\/uploads\/2012\/11\/6G2C3921b.jpg\"><img loading=\"lazy\" decoding=\"async\" aria-describedby=\"caption-attachment-178\" class=\"size-full wp-image-178 \" title=\"6G2C3921b\" src=\"http:\/\/www.cadcamsmile.eu\/wp-content\/uploads\/2012\/11\/6G2C3921b.jpg\" alt=\"\" width=\"300\" height=\"450\" srcset=\"http:\/\/www.cadcamsmile.eu\/wp-content\/uploads\/2012\/11\/6G2C3921b.jpg 300w, http:\/\/www.cadcamsmile.eu\/wp-content\/uploads\/2012\/11\/6G2C3921b-200x300.jpg 200w\" sizes=\"auto, (max-width: 300px) 100vw, 300px\" \/><\/a><p id=\"caption-attachment-178\" class=\"wp-caption-text\">Andreas Wunsch, Gr\u00fcnder und Inhaber von Cadcamsmile<\/p><\/div>\n<h2><strong>Stationen<\/strong><\/h2>\n<p>Meinen beruflichen Weg als Zahntechniker startete ich im Jahr 1986 in den Bereichen \u201eProthetik und Keramik\u201c. F\u00fcnf Jahre sp\u00e4ter entdeckte ich das Spezialgebiet \u201eKieferorthop\u00e4die\u201c, in dem ich seit nunmehr 20 Jahren als KFO-Spezialist t\u00e4tig bin.<br \/>\nDar\u00fcber hinaus leite ich seit 2004 die zahntechnische Abteilung eines renommierten Wiener Krankenhauses.<\/p>\n<h2><strong>Blickwinkel<\/strong><\/h2>\n<p><strong> <\/strong>Die Zahntechnik war und ist f\u00fcr mich viel mehr als nur ein solides Handwerk, n\u00e4mlich ein offenes Gebiet f\u00fcr v\u00f6llig neue Trends und spannende Entwicklungen. Dank der unverminderten Begeisterungsf\u00e4higkeit f\u00fcr Innovationen erkannte ich bereits vor zehn Jahren das Potential der digitalen M\u00f6glichkeiten in der Zahntechnik und spezialisierte mich daher fr\u00fchzeitig auf dieses Segment.<\/p>\n<h2><strong>Perspektive<\/strong><\/h2>\n<p>Im Jahr 2009 folgte die Gr\u00fcndung der Firma Cadcamsmile als \u201elogisch\u201c n\u00e4chster Schritt. Ferner gelang es mit 3Shape einen der weltweit f\u00fchrenden Anbieter im Bereich 3D-Scanner und CAD\/CAM-Softwarel\u00f6sungen als Partner zu gewinnen.<\/p>\n<p>Cadcamsmile steht regelm\u00e4\u00dfig in Kontakt mit Kliniken, Zahn\u00e4rzten, Fr\u00e4szentren und allen ma\u00dfgeblichen Cadcam-Software-Herstellern. Cadcamsmile bietet Beratung, Service, Individualit\u00e4t, Pr\u00e4zision, Funktionalit\u00e4t und \u00c4sthetik auf h\u00f6chstem Niveau \u2013 f\u00fcr Labors und Zahn\u00e4rzte.<\/p>\n","protected":false},"excerpt":{"rendered":"<p>30 Jahre Erfahrung in der Zahntechnik Stationen Meinen beruflichen Weg als Zahntechniker startete ich im Jahr 1986 in den Bereichen \u201eProthetik und Keramik\u201c. F\u00fcnf Jahre sp\u00e4ter entdeckte ich das Spezialgebiet \u201eKieferorthop\u00e4die\u201c, in dem ich seit nunmehr 20 Jahren als KFO-Spezialist t\u00e4tig bin. Dar\u00fcber hinaus leite ich seit 2004 die zahntechnische Abteilung eines renommierten Wiener Krankenhauses&#8230;.  <a href=\"http:\/\/www.cadcamsmile.eu\/?page_id=9\" title=\"Read \u00dcber mich\">Read more &raquo;<\/a><\/p>\n","protected":false},"author":1,"featured_media":0,"parent":0,"menu_order":0,"comment_status":"closed","ping_status":"closed","template":"","meta":{"footnotes":""},"class_list":["post-9","page","type-page","status-publish","hentry"],"_links":{"self":[{"href":"http:\/\/www.cadcamsmile.eu\/index.php?rest_route=\/wp\/v2\/pages\/9","targetHints":{"allow":["GET"]}}],"collection":[{"href":"http:\/\/www.cadcamsmile.eu\/index.php?rest_route=\/wp\/v2\/pages"}],"about":[{"href":"http:\/\/www.cadcamsmile.eu\/index.php?rest_route=\/wp\/v2\/types\/page"}],"author":[{"embeddable":true,"href":"http:\/\/www.cadcamsmile.eu\/index.php?rest_route=\/wp\/v2\/users\/1"}],"replies":[{"embeddable":true,"href":"http:\/\/www.cadcamsmile.eu\/index.php?rest_route=%2Fwp%2Fv2%2Fcomments&post=9"}],"version-history":[{"count":11,"href":"http:\/\/www.cadcamsmile.eu\/index.php?rest_route=\/wp\/v2\/pages\/9\/revisions"}],"predecessor-version":[{"id":158,"href":"http:\/\/www.cadcamsmile.eu\/index.php?rest_route=\/wp\/v2\/pages\/9\/revisions\/158"}],"wp:attachment":[{"href":"http:\/\/www.cadcamsmile.eu\/index.php?rest_route=%2Fwp%2Fv2%2Fmedia&parent=9"}],"curies":[{"name":"wp","href":"https:\/\/api.w.org\/{rel}","templated":true}]}}